{"id":53,"date":"2025-06-19T12:29:51","date_gmt":"2025-06-19T12:29:51","guid":{"rendered":"https:\/\/buragrooming.hr\/?page_id=53"},"modified":"2025-06-23T12:20:03","modified_gmt":"2025-06-23T12:20:03","slug":"test","status":"publish","type":"page","link":"https:\/\/buragrooming.hr\/","title":{"rendered":"Tra\u017eite pouzdan i pa\u017eljiv salon za njegu pasa?\u00a0"},"content":{"rendered":"\n<p><\/p>\n\n\n\n<p><strong>Dobrodo\u0161li Pul Bure!<\/strong><\/p>\n\n\n\n<p>U na\u0161em salonu, svaki pas je najva\u017eniji gost. Nudimo profesionalno \u0161i\u0161anje, kupanje, ure\u0111ivanje \u0161apa, tretmane za njegu zubiju i jo\u0161 mnogo toga \u2013 sve uz puno ljubavi i strpljenja.<\/p>\n\n\n\n<p>Za sva pitanja, rezervacije termina ili savjete oko njege Va\u0161eg psa, slobodno nas kontaktirajte na&nbsp;<a href=\"tel:+385916146313\" target=\"_blank\" rel=\"noreferrer noopener\">+385916146313<\/a>.<\/p>\n\n\n\n<p>S veseljem Vas o\u010dekujemo!<\/p>\n","protected":false},"excerpt":{"rendered":"<p>Dobrodo\u0161li Pul Bure! U na\u0161em salonu, svaki pas je najva\u017eniji gost. Nudimo profesionalno \u0161i\u0161anje, kupanje, ure\u0111ivanje \u0161apa, tretmane za njegu zubiju i jo\u0161 mnogo toga \u2013 sve uz puno ljubavi i strpljenja. Za sva pitanja, rezervacije termina ili savjete oko njege Va\u0161eg psa, slobodno nas kontaktirajte na&nbsp;+385916146313. S veseljem Vas o\u010dekujemo!<\/p>\n","protected":false},"author":1,"featured_media":0,"parent":0,"menu_order":0,"comment_status":"closed","ping_status":"closed","template":"","meta":{"footnotes":""},"class_list":["post-53","page","type-page","status-publish","hentry"],"yoast_head":"<!-- This site is optimized with the Yoast SEO plugin v26.5 - https:\/\/yoast.com\/wordpress\/plugins\/seo\/ -->\n<title>Tra\u017eite pouzdan i pa\u017eljiv salon za njegu pasa?\u00a0 | Pul Bure \u2013 Salon za pse<\/title>\n<meta name=\"robots\" content=\"index, follow, max-snippet:-1, max-image-preview:large, max-video-preview:-1\" \/>\n<link rel=\"canonical\" href=\"https:\/\/buragrooming.hr\/\" \/>\n<meta property=\"og:locale\" content=\"hr_HR\" \/>\n<meta property=\"og:type\" content=\"article\" \/>\n<meta property=\"og:title\" content=\"Tra\u017eite pouzdan i pa\u017eljiv salon za njegu pasa?\u00a0 | Pul Bure \u2013 Salon za pse\" \/>\n<meta property=\"og:description\" content=\"Dobrodo\u0161li Pul Bure! U na\u0161em salonu, svaki pas je najva\u017eniji gost. Nudimo profesionalno \u0161i\u0161anje, kupanje, ure\u0111ivanje \u0161apa, tretmane za njegu zubiju i jo\u0161 mnogo toga \u2013 sve uz puno ljubavi i strpljenja. Za sva pitanja, rezervacije termina ili savjete oko njege Va\u0161eg psa, slobodno nas kontaktirajte na&nbsp;+385916146313. S veseljem Vas o\u010dekujemo!\" \/>\n<meta property=\"og:url\" content=\"https:\/\/buragrooming.hr\/\" \/>\n<meta property=\"og:site_name\" content=\"PUL BURE\" \/>\n<meta property=\"article:modified_time\" content=\"2025-06-23T12:20:03+00:00\" \/>\n<meta property=\"og:image\" content=\"https:\/\/buragrooming.hr\/wp-content\/uploads\/2025\/12\/pul-bur-logo.jpeg\" \/>\n\t<meta property=\"og:image:width\" content=\"552\" \/>\n\t<meta property=\"og:image:height\" content=\"646\" \/>\n\t<meta property=\"og:image:type\" content=\"image\/jpeg\" \/>\n<meta name=\"twitter:card\" content=\"summary_large_image\" \/>\n<script type=\"application\/ld+json\" class=\"yoast-schema-graph\">{\"@context\":\"https:\/\/schema.org\",\"@graph\":[{\"@type\":\"WebPage\",\"@id\":\"https:\/\/buragrooming.hr\/\",\"url\":\"https:\/\/buragrooming.hr\/\",\"name\":\"Tra\u017eite pouzdan i pa\u017eljiv salon za njegu pasa?\u00a0 | Pul Bure \u2013 Salon za pse\",\"isPartOf\":{\"@id\":\"https:\/\/buragrooming.hr\/#website\"},\"datePublished\":\"2025-06-19T12:29:51+00:00\",\"dateModified\":\"2025-06-23T12:20:03+00:00\",\"breadcrumb\":{\"@id\":\"https:\/\/buragrooming.hr\/#breadcrumb\"},\"inLanguage\":\"hr\",\"potentialAction\":[{\"@type\":\"ReadAction\",\"target\":[\"https:\/\/buragrooming.hr\/\"]}]},{\"@type\":\"BreadcrumbList\",\"@id\":\"https:\/\/buragrooming.hr\/#breadcrumb\",\"itemListElement\":[{\"@type\":\"ListItem\",\"position\":1,\"name\":\"Po\u010detna stranica\",\"item\":\"https:\/\/buragrooming.hr\/\"},{\"@type\":\"ListItem\",\"position\":2,\"name\":\"Tra\u017eite pouzdan i pa\u017eljiv salon za njegu pasa?\u00a0\"}]},{\"@type\":\"WebSite\",\"@id\":\"https:\/\/buragrooming.hr\/#website\",\"url\":\"https:\/\/buragrooming.hr\/\",\"name\":\"PUL BURE\",\"description\":\"Salon za pse\",\"publisher\":{\"@id\":\"https:\/\/buragrooming.hr\/#organization\"},\"potentialAction\":[{\"@type\":\"SearchAction\",\"target\":{\"@type\":\"EntryPoint\",\"urlTemplate\":\"https:\/\/buragrooming.hr\/?s={search_term_string}\"},\"query-input\":{\"@type\":\"PropertyValueSpecification\",\"valueRequired\":true,\"valueName\":\"search_term_string\"}}],\"inLanguage\":\"hr\"},{\"@type\":\"Organization\",\"@id\":\"https:\/\/buragrooming.hr\/#organization\",\"name\":\"PUL BURE\",\"url\":\"https:\/\/buragrooming.hr\/\",\"logo\":{\"@type\":\"ImageObject\",\"inLanguage\":\"hr\",\"@id\":\"https:\/\/buragrooming.hr\/#\/schema\/logo\/image\/\",\"url\":\"https:\/\/buragrooming.hr\/wp-content\/uploads\/2025\/06\/cropped-logopng.png\",\"contentUrl\":\"https:\/\/buragrooming.hr\/wp-content\/uploads\/2025\/06\/cropped-logopng.png\",\"width\":226,\"height\":250,\"caption\":\"PUL BURE \"},\"image\":{\"@id\":\"https:\/\/buragrooming.hr\/#\/schema\/logo\/image\/\"}}]}<\/script>\n<!-- \/ Yoast SEO plugin. -->","yoast_head_json":{"title":"Tra\u017eite pouzdan i pa\u017eljiv salon za njegu pasa?\u00a0 | Pul Bure \u2013 Salon za pse","robots":{"index":"index","follow":"follow","max-snippet":"max-snippet:-1","max-image-preview":"max-image-preview:large","max-video-preview":"max-video-preview:-1"},"canonical":"https:\/\/buragrooming.hr\/","og_locale":"hr_HR","og_type":"article","og_title":"Tra\u017eite pouzdan i pa\u017eljiv salon za njegu pasa?\u00a0 | Pul Bure \u2013 Salon za pse","og_description":"Dobrodo\u0161li Pul Bure! U na\u0161em salonu, svaki pas je najva\u017eniji gost. Nudimo profesionalno \u0161i\u0161anje, kupanje, ure\u0111ivanje \u0161apa, tretmane za njegu zubiju i jo\u0161 mnogo toga \u2013 sve uz puno ljubavi i strpljenja. Za sva pitanja, rezervacije termina ili savjete oko njege Va\u0161eg psa, slobodno nas kontaktirajte na&nbsp;+385916146313. S veseljem Vas o\u010dekujemo!","og_url":"https:\/\/buragrooming.hr\/","og_site_name":"PUL BURE","article_modified_time":"2025-06-23T12:20:03+00:00","og_image":[{"width":552,"height":646,"url":"https:\/\/buragrooming.hr\/wp-content\/uploads\/2025\/12\/pul-bur-logo.jpeg","type":"image\/jpeg"}],"twitter_card":"summary_large_image","schema":{"@context":"https:\/\/schema.org","@graph":[{"@type":"WebPage","@id":"https:\/\/buragrooming.hr\/","url":"https:\/\/buragrooming.hr\/","name":"Tra\u017eite pouzdan i pa\u017eljiv salon za njegu pasa?\u00a0 | Pul Bure \u2013 Salon za pse","isPartOf":{"@id":"https:\/\/buragrooming.hr\/#website"},"datePublished":"2025-06-19T12:29:51+00:00","dateModified":"2025-06-23T12:20:03+00:00","breadcrumb":{"@id":"https:\/\/buragrooming.hr\/#breadcrumb"},"inLanguage":"hr","potentialAction":[{"@type":"ReadAction","target":["https:\/\/buragrooming.hr\/"]}]},{"@type":"BreadcrumbList","@id":"https:\/\/buragrooming.hr\/#breadcrumb","itemListElement":[{"@type":"ListItem","position":1,"name":"Po\u010detna stranica","item":"https:\/\/buragrooming.hr\/"},{"@type":"ListItem","position":2,"name":"Tra\u017eite pouzdan i pa\u017eljiv salon za njegu pasa?\u00a0"}]},{"@type":"WebSite","@id":"https:\/\/buragrooming.hr\/#website","url":"https:\/\/buragrooming.hr\/","name":"PUL BURE","description":"Salon za pse","publisher":{"@id":"https:\/\/buragrooming.hr\/#organization"},"potentialAction":[{"@type":"SearchAction","target":{"@type":"EntryPoint","urlTemplate":"https:\/\/buragrooming.hr\/?s={search_term_string}"},"query-input":{"@type":"PropertyValueSpecification","valueRequired":true,"valueName":"search_term_string"}}],"inLanguage":"hr"},{"@type":"Organization","@id":"https:\/\/buragrooming.hr\/#organization","name":"PUL BURE","url":"https:\/\/buragrooming.hr\/","logo":{"@type":"ImageObject","inLanguage":"hr","@id":"https:\/\/buragrooming.hr\/#\/schema\/logo\/image\/","url":"https:\/\/buragrooming.hr\/wp-content\/uploads\/2025\/06\/cropped-logopng.png","contentUrl":"https:\/\/buragrooming.hr\/wp-content\/uploads\/2025\/06\/cropped-logopng.png","width":226,"height":250,"caption":"PUL BURE "},"image":{"@id":"https:\/\/buragrooming.hr\/#\/schema\/logo\/image\/"}}]}},"_links":{"self":[{"href":"https:\/\/buragrooming.hr\/index.php\/wp-json\/wp\/v2\/pages\/53","targetHints":{"allow":["GET"]}}],"collection":[{"href":"https:\/\/buragrooming.hr\/index.php\/wp-json\/wp\/v2\/pages"}],"about":[{"href":"https:\/\/buragrooming.hr\/index.php\/wp-json\/wp\/v2\/types\/page"}],"author":[{"embeddable":true,"href":"https:\/\/buragrooming.hr\/index.php\/wp-json\/wp\/v2\/users\/1"}],"replies":[{"embeddable":true,"href":"https:\/\/buragrooming.hr\/index.php\/wp-json\/wp\/v2\/comments?post=53"}],"version-history":[{"count":4,"href":"https:\/\/buragrooming.hr\/index.php\/wp-json\/wp\/v2\/pages\/53\/revisions"}],"predecessor-version":[{"id":67,"href":"https:\/\/buragrooming.hr\/index.php\/wp-json\/wp\/v2\/pages\/53\/revisions\/67"}],"wp:attachment":[{"href":"https:\/\/buragrooming.hr\/index.php\/wp-json\/wp\/v2\/media?parent=53"}],"curies":[{"name":"wp","href":"https:\/\/api.w.org\/{rel}","templated":true}]}}