{"id":60,"date":"2025-06-19T12:31:47","date_gmt":"2025-06-19T12:31:47","guid":{"rendered":"https:\/\/buragrooming.hr\/?page_id=60"},"modified":"2025-12-04T11:55:28","modified_gmt":"2025-12-04T11:55:28","slug":"kontakt","status":"publish","type":"page","link":"https:\/\/buragrooming.hr\/index.php\/kontakt\/","title":{"rendered":"Kontakt"},"content":{"rendered":"\n<p>Svoj termin mo\u017eete zakazati pozivom ili porukom na <strong>+385 91 6146 313.<\/strong><\/p>\n\n\n\n<p>Za sva ostala pitanja dostupni smo i putem e-mail adrese: <strong>info.pulbure@gmail.com<\/strong><\/p>\n\n\n\n<p><strong>GDJE NAS PRONA\u0106I?<\/strong><\/p>\n\n\n\n<p>\ud83d\udccd Ulica Danijela Godine 10, Rijeka<\/p>\n\n\n\n<p>Klikom na sliku na\u0161e lokacije, otvoriti \u0107ete Google Maps koji \u0107e Vas dovesti ravno do na\u0161eg salona. Tako da nas lako mo\u017eete prona\u0107i i sti\u0107i bez brige! <\/p>\n\n\n\n<figure class=\"wp-block-image size-large\"><a href=\"https:\/\/www.google.com\/maps\/place\/Salon+za+pse+%22Pul+Bure%22\/@45.3234859,14.4576268,17z\/data=!3m1!4b1!4m6!3m5!1s0x4764a1aaa5ca2a75:0x5efcdcc15550bd29!8m2!3d45.3234859!4d14.4602017!16s%2Fg%2F11xlrmx8hy?entry=ttu&amp;g_ep=EgoyMDI1MDcwOS4wIKXMDSoASAFQAw%3D%3D\"><img fetchpriority=\"high\" decoding=\"async\" width=\"1024\" height=\"573\" src=\"https:\/\/buragrooming.hr\/wp-content\/uploads\/2025\/07\/Screenshot-2025-07-15-at-19.03.07-1024x573.png\" alt=\"\" class=\"wp-image-122\" srcset=\"https:\/\/buragrooming.hr\/wp-content\/uploads\/2025\/07\/Screenshot-2025-07-15-at-19.03.07-1024x573.png 1024w, https:\/\/buragrooming.hr\/wp-content\/uploads\/2025\/07\/Screenshot-2025-07-15-at-19.03.07-300x168.png 300w, https:\/\/buragrooming.hr\/wp-content\/uploads\/2025\/07\/Screenshot-2025-07-15-at-19.03.07-768x430.png 768w, https:\/\/buragrooming.hr\/wp-content\/uploads\/2025\/07\/Screenshot-2025-07-15-at-19.03.07-1536x860.png 1536w, https:\/\/buragrooming.hr\/wp-content\/uploads\/2025\/07\/Screenshot-2025-07-15-at-19.03.07-2048x1146.png 2048w\" sizes=\"(max-width: 706px) 89vw, (max-width: 767px) 82vw, 740px\" \/><\/a><\/figure>\n\n\n\n<p><\/p>\n","protected":false},"excerpt":{"rendered":"<p>Svoj termin mo\u017eete zakazati pozivom ili porukom na +385 91 6146 313. Za sva ostala pitanja dostupni smo i putem e-mail adrese: info.pulbure@gmail.com GDJE NAS PRONA\u0106I? \ud83d\udccd Ulica Danijela Godine 10, Rijeka Klikom na sliku na\u0161e lokacije, otvoriti \u0107ete Google Maps koji \u0107e Vas dovesti ravno do na\u0161eg salona. Tako da nas lako mo\u017eete prona\u0107i &hellip; <\/p>\n<p class=\"link-more\"><a href=\"https:\/\/buragrooming.hr\/index.php\/kontakt\/\" class=\"more-link\">Nastavi \u010ditati<span class=\"screen-reader-text\"> &#8220;Kontakt&#8221;<\/span><\/a><\/p>\n","protected":false},"author":1,"featured_media":0,"parent":0,"menu_order":0,"comment_status":"closed","ping_status":"closed","template":"","meta":{"footnotes":""},"class_list":["post-60","page","type-page","status-publish","hentry"],"yoast_head":"<!-- This site is optimized with the Yoast SEO plugin v26.5 - https:\/\/yoast.com\/wordpress\/plugins\/seo\/ -->\n<title>Kontakt | Pul Bure \u2013 Salon za pse Rijeka<\/title>\n<meta name=\"description\" content=\"Kontaktirajte Pul Bure \u2013 profesionalni salon za pse u Rijeci. Rezervirajte termin za \u0161i\u0161anje, kupanje ili njegu pasa.\" \/>\n<meta name=\"robots\" content=\"index, follow, max-snippet:-1, max-image-preview:large, max-video-preview:-1\" \/>\n<link rel=\"canonical\" href=\"https:\/\/buragrooming.hr\/index.php\/kontakt\/\" \/>\n<meta property=\"og:locale\" content=\"hr_HR\" \/>\n<meta property=\"og:type\" content=\"article\" \/>\n<meta property=\"og:title\" content=\"Kontakt | Pul Bure \u2013 Salon za pse Rijeka\" \/>\n<meta property=\"og:description\" content=\"Kontaktirajte Pul Bure \u2013 profesionalni salon za pse u Rijeci. Rezervirajte termin za \u0161i\u0161anje, kupanje ili njegu pasa.\" \/>\n<meta property=\"og:url\" content=\"https:\/\/buragrooming.hr\/index.php\/kontakt\/\" \/>\n<meta property=\"og:site_name\" content=\"PUL BURE\" \/>\n<meta property=\"article:modified_time\" content=\"2025-12-04T11:55:28+00:00\" \/>\n<meta property=\"og:image\" content=\"https:\/\/buragrooming.hr\/wp-content\/uploads\/2025\/07\/Screenshot-2025-07-15-at-19.03.07.png\" \/>\n\t<meta property=\"og:image:width\" content=\"2112\" \/>\n\t<meta property=\"og:image:height\" content=\"1182\" \/>\n\t<meta property=\"og:image:type\" content=\"image\/png\" \/>\n<meta name=\"twitter:card\" content=\"summary_large_image\" \/>\n<meta name=\"twitter:label1\" content=\"Procijenjeno vrijeme \u010ditanja\" \/>\n\t<meta name=\"twitter:data1\" content=\"1 minuta\" \/>\n<script type=\"application\/ld+json\" class=\"yoast-schema-graph\">{\"@context\":\"https:\/\/schema.org\",\"@graph\":[{\"@type\":\"WebPage\",\"@id\":\"https:\/\/buragrooming.hr\/index.php\/kontakt\/\",\"url\":\"https:\/\/buragrooming.hr\/index.php\/kontakt\/\",\"name\":\"Kontakt | Pul Bure \u2013 Salon za pse Rijeka\",\"isPartOf\":{\"@id\":\"https:\/\/buragrooming.hr\/#website\"},\"primaryImageOfPage\":{\"@id\":\"https:\/\/buragrooming.hr\/index.php\/kontakt\/#primaryimage\"},\"image\":{\"@id\":\"https:\/\/buragrooming.hr\/index.php\/kontakt\/#primaryimage\"},\"thumbnailUrl\":\"https:\/\/buragrooming.hr\/wp-content\/uploads\/2025\/07\/Screenshot-2025-07-15-at-19.03.07-1024x573.png\",\"datePublished\":\"2025-06-19T12:31:47+00:00\",\"dateModified\":\"2025-12-04T11:55:28+00:00\",\"description\":\"Kontaktirajte Pul Bure \u2013 profesionalni salon za pse u Rijeci. Rezervirajte termin za \u0161i\u0161anje, kupanje ili njegu pasa.\",\"breadcrumb\":{\"@id\":\"https:\/\/buragrooming.hr\/index.php\/kontakt\/#breadcrumb\"},\"inLanguage\":\"hr\",\"potentialAction\":[{\"@type\":\"ReadAction\",\"target\":[\"https:\/\/buragrooming.hr\/index.php\/kontakt\/\"]}]},{\"@type\":\"ImageObject\",\"inLanguage\":\"hr\",\"@id\":\"https:\/\/buragrooming.hr\/index.php\/kontakt\/#primaryimage\",\"url\":\"https:\/\/buragrooming.hr\/wp-content\/uploads\/2025\/07\/Screenshot-2025-07-15-at-19.03.07.png\",\"contentUrl\":\"https:\/\/buragrooming.hr\/wp-content\/uploads\/2025\/07\/Screenshot-2025-07-15-at-19.03.07.png\",\"width\":2112,\"height\":1182},{\"@type\":\"BreadcrumbList\",\"@id\":\"https:\/\/buragrooming.hr\/index.php\/kontakt\/#breadcrumb\",\"itemListElement\":[{\"@type\":\"ListItem\",\"position\":1,\"name\":\"Po\u010detna stranica\",\"item\":\"https:\/\/buragrooming.hr\/\"},{\"@type\":\"ListItem\",\"position\":2,\"name\":\"Kontakt\"}]},{\"@type\":\"WebSite\",\"@id\":\"https:\/\/buragrooming.hr\/#website\",\"url\":\"https:\/\/buragrooming.hr\/\",\"name\":\"PUL BURE\",\"description\":\"Salon za pse\",\"publisher\":{\"@id\":\"https:\/\/buragrooming.hr\/#organization\"},\"potentialAction\":[{\"@type\":\"SearchAction\",\"target\":{\"@type\":\"EntryPoint\",\"urlTemplate\":\"https:\/\/buragrooming.hr\/?s={search_term_string}\"},\"query-input\":{\"@type\":\"PropertyValueSpecification\",\"valueRequired\":true,\"valueName\":\"search_term_string\"}}],\"inLanguage\":\"hr\"},{\"@type\":\"Organization\",\"@id\":\"https:\/\/buragrooming.hr\/#organization\",\"name\":\"PUL BURE\",\"url\":\"https:\/\/buragrooming.hr\/\",\"logo\":{\"@type\":\"ImageObject\",\"inLanguage\":\"hr\",\"@id\":\"https:\/\/buragrooming.hr\/#\/schema\/logo\/image\/\",\"url\":\"https:\/\/buragrooming.hr\/wp-content\/uploads\/2025\/06\/cropped-logopng.png\",\"contentUrl\":\"https:\/\/buragrooming.hr\/wp-content\/uploads\/2025\/06\/cropped-logopng.png\",\"width\":226,\"height\":250,\"caption\":\"PUL BURE \"},\"image\":{\"@id\":\"https:\/\/buragrooming.hr\/#\/schema\/logo\/image\/\"}}]}<\/script>\n<!-- \/ Yoast SEO plugin. -->","yoast_head_json":{"title":"Kontakt | Pul Bure \u2013 Salon za pse Rijeka","description":"Kontaktirajte Pul Bure \u2013 profesionalni salon za pse u Rijeci. Rezervirajte termin za \u0161i\u0161anje, kupanje ili njegu pasa.","robots":{"index":"index","follow":"follow","max-snippet":"max-snippet:-1","max-image-preview":"max-image-preview:large","max-video-preview":"max-video-preview:-1"},"canonical":"https:\/\/buragrooming.hr\/index.php\/kontakt\/","og_locale":"hr_HR","og_type":"article","og_title":"Kontakt | Pul Bure \u2013 Salon za pse Rijeka","og_description":"Kontaktirajte Pul Bure \u2013 profesionalni salon za pse u Rijeci. Rezervirajte termin za \u0161i\u0161anje, kupanje ili njegu pasa.","og_url":"https:\/\/buragrooming.hr\/index.php\/kontakt\/","og_site_name":"PUL BURE","article_modified_time":"2025-12-04T11:55:28+00:00","og_image":[{"width":2112,"height":1182,"url":"https:\/\/buragrooming.hr\/wp-content\/uploads\/2025\/07\/Screenshot-2025-07-15-at-19.03.07.png","type":"image\/png"}],"twitter_card":"summary_large_image","twitter_misc":{"Procijenjeno vrijeme \u010ditanja":"1 minuta"},"schema":{"@context":"https:\/\/schema.org","@graph":[{"@type":"WebPage","@id":"https:\/\/buragrooming.hr\/index.php\/kontakt\/","url":"https:\/\/buragrooming.hr\/index.php\/kontakt\/","name":"Kontakt | Pul Bure \u2013 Salon za pse Rijeka","isPartOf":{"@id":"https:\/\/buragrooming.hr\/#website"},"primaryImageOfPage":{"@id":"https:\/\/buragrooming.hr\/index.php\/kontakt\/#primaryimage"},"image":{"@id":"https:\/\/buragrooming.hr\/index.php\/kontakt\/#primaryimage"},"thumbnailUrl":"https:\/\/buragrooming.hr\/wp-content\/uploads\/2025\/07\/Screenshot-2025-07-15-at-19.03.07-1024x573.png","datePublished":"2025-06-19T12:31:47+00:00","dateModified":"2025-12-04T11:55:28+00:00","description":"Kontaktirajte Pul Bure \u2013 profesionalni salon za pse u Rijeci. Rezervirajte termin za \u0161i\u0161anje, kupanje ili njegu pasa.","breadcrumb":{"@id":"https:\/\/buragrooming.hr\/index.php\/kontakt\/#breadcrumb"},"inLanguage":"hr","potentialAction":[{"@type":"ReadAction","target":["https:\/\/buragrooming.hr\/index.php\/kontakt\/"]}]},{"@type":"ImageObject","inLanguage":"hr","@id":"https:\/\/buragrooming.hr\/index.php\/kontakt\/#primaryimage","url":"https:\/\/buragrooming.hr\/wp-content\/uploads\/2025\/07\/Screenshot-2025-07-15-at-19.03.07.png","contentUrl":"https:\/\/buragrooming.hr\/wp-content\/uploads\/2025\/07\/Screenshot-2025-07-15-at-19.03.07.png","width":2112,"height":1182},{"@type":"BreadcrumbList","@id":"https:\/\/buragrooming.hr\/index.php\/kontakt\/#breadcrumb","itemListElement":[{"@type":"ListItem","position":1,"name":"Po\u010detna stranica","item":"https:\/\/buragrooming.hr\/"},{"@type":"ListItem","position":2,"name":"Kontakt"}]},{"@type":"WebSite","@id":"https:\/\/buragrooming.hr\/#website","url":"https:\/\/buragrooming.hr\/","name":"PUL BURE","description":"Salon za pse","publisher":{"@id":"https:\/\/buragrooming.hr\/#organization"},"potentialAction":[{"@type":"SearchAction","target":{"@type":"EntryPoint","urlTemplate":"https:\/\/buragrooming.hr\/?s={search_term_string}"},"query-input":{"@type":"PropertyValueSpecification","valueRequired":true,"valueName":"search_term_string"}}],"inLanguage":"hr"},{"@type":"Organization","@id":"https:\/\/buragrooming.hr\/#organization","name":"PUL BURE","url":"https:\/\/buragrooming.hr\/","logo":{"@type":"ImageObject","inLanguage":"hr","@id":"https:\/\/buragrooming.hr\/#\/schema\/logo\/image\/","url":"https:\/\/buragrooming.hr\/wp-content\/uploads\/2025\/06\/cropped-logopng.png","contentUrl":"https:\/\/buragrooming.hr\/wp-content\/uploads\/2025\/06\/cropped-logopng.png","width":226,"height":250,"caption":"PUL BURE "},"image":{"@id":"https:\/\/buragrooming.hr\/#\/schema\/logo\/image\/"}}]}},"_links":{"self":[{"href":"https:\/\/buragrooming.hr\/index.php\/wp-json\/wp\/v2\/pages\/60","targetHints":{"allow":["GET"]}}],"collection":[{"href":"https:\/\/buragrooming.hr\/index.php\/wp-json\/wp\/v2\/pages"}],"about":[{"href":"https:\/\/buragrooming.hr\/index.php\/wp-json\/wp\/v2\/types\/page"}],"author":[{"embeddable":true,"href":"https:\/\/buragrooming.hr\/index.php\/wp-json\/wp\/v2\/users\/1"}],"replies":[{"embeddable":true,"href":"https:\/\/buragrooming.hr\/index.php\/wp-json\/wp\/v2\/comments?post=60"}],"version-history":[{"count":8,"href":"https:\/\/buragrooming.hr\/index.php\/wp-json\/wp\/v2\/pages\/60\/revisions"}],"predecessor-version":[{"id":129,"href":"https:\/\/buragrooming.hr\/index.php\/wp-json\/wp\/v2\/pages\/60\/revisions\/129"}],"wp:attachment":[{"href":"https:\/\/buragrooming.hr\/index.php\/wp-json\/wp\/v2\/media?parent=60"}],"curies":[{"name":"wp","href":"https:\/\/api.w.org\/{rel}","templated":true}]}}