{"id":68,"date":"2025-06-19T12:46:06","date_gmt":"2025-06-19T12:46:06","guid":{"rendered":"https:\/\/buragrooming.hr\/?page_id=68"},"modified":"2025-06-23T11:46:02","modified_gmt":"2025-06-23T11:46:02","slug":"o-nama-2","status":"publish","type":"page","link":"https:\/\/buragrooming.hr\/index.php\/o-nama-2\/","title":{"rendered":"O nama"},"content":{"rendered":"\n<p>Pul Bure &#8211; \u0161to na \u010dakavskom zna\u010di &#8220;kod Bure&#8221; &#8211; poseban je kutak u Rijeci, na Krimeji, nastao iz ljubavi koja nikada ne prestaje. <\/p>\n\n\n\n<p>Ideja o salonu rodila se zbog gubitka moje voljene Bure. U njezinu \u010dast, po\u017eeljela sam stvoriti mjesto gdje \u0107e svaki pas biti okru\u017een pa\u017enjom, toplinom i nje\u017eno\u0161\u0107u &#8211; ba\u0161 onako kako bih voljela da se netko brine za nju. <\/p>\n\n\n\n<p>U salonu radim sama, s potpunim posve\u0107enjem svakom psu koji mi do\u0111e u ruke. Vjerujem da svaki pas zaslu\u017euje individualan pristup i mirno, ugodno iskustvo &#8211; bez stresa i \u017eurbe. <\/p>\n\n\n\n<p>Nudimo usluge \u0161i\u0161anja, kupanja, tretmane izlinjavanja, skra\u0107ivanja noktiju kao i njegu zubiju i u\u0161iju. Svaki tretman prilago\u0111en je Va\u0161em ljubimcu i njegovim potrebama, s ciljem da se osje\u0107a sigurno, \u010disto i sretno!<\/p>\n","protected":false},"excerpt":{"rendered":"<p>Pul Bure &#8211; \u0161to na \u010dakavskom zna\u010di &#8220;kod Bure&#8221; &#8211; poseban je kutak u Rijeci, na Krimeji, nastao iz ljubavi koja nikada ne prestaje. Ideja o salonu rodila se zbog gubitka moje voljene Bure. U njezinu \u010dast, po\u017eeljela sam stvoriti mjesto gdje \u0107e svaki pas biti okru\u017een pa\u017enjom, toplinom i nje\u017eno\u0161\u0107u &#8211; ba\u0161 onako kako &hellip; <\/p>\n<p class=\"link-more\"><a href=\"https:\/\/buragrooming.hr\/index.php\/o-nama-2\/\" class=\"more-link\">Nastavi \u010ditati<span class=\"screen-reader-text\"> &#8220;O nama&#8221;<\/span><\/a><\/p>\n","protected":false},"author":1,"featured_media":0,"parent":0,"menu_order":0,"comment_status":"closed","ping_status":"closed","template":"","meta":{"footnotes":""},"class_list":["post-68","page","type-page","status-publish","hentry"],"yoast_head":"<!-- This site is optimized with the Yoast SEO plugin v26.5 - https:\/\/yoast.com\/wordpress\/plugins\/seo\/ -->\n<title>O nama | Pul Bure \u2013 Salon za pse<\/title>\n<meta name=\"robots\" content=\"index, follow, max-snippet:-1, max-image-preview:large, max-video-preview:-1\" \/>\n<link rel=\"canonical\" href=\"https:\/\/buragrooming.hr\/index.php\/o-nama-2\/\" \/>\n<meta property=\"og:locale\" content=\"hr_HR\" \/>\n<meta property=\"og:type\" content=\"article\" \/>\n<meta property=\"og:title\" content=\"O nama | Pul Bure \u2013 Salon za pse\" \/>\n<meta property=\"og:description\" content=\"Pul Bure &#8211; \u0161to na \u010dakavskom zna\u010di &#8220;kod Bure&#8221; &#8211; poseban je kutak u Rijeci, na Krimeji, nastao iz ljubavi koja nikada ne prestaje. Ideja o salonu rodila se zbog gubitka moje voljene Bure. U njezinu \u010dast, po\u017eeljela sam stvoriti mjesto gdje \u0107e svaki pas biti okru\u017een pa\u017enjom, toplinom i nje\u017eno\u0161\u0107u &#8211; ba\u0161 onako kako &hellip; Nastavi \u010ditati &quot;O nama&quot;\" \/>\n<meta property=\"og:url\" content=\"https:\/\/buragrooming.hr\/index.php\/o-nama-2\/\" \/>\n<meta property=\"og:site_name\" content=\"PUL BURE\" \/>\n<meta property=\"article:modified_time\" content=\"2025-06-23T11:46:02+00:00\" \/>\n<meta property=\"og:image\" content=\"https:\/\/buragrooming.hr\/wp-content\/uploads\/2025\/12\/pul-bur-logo.jpeg\" \/>\n\t<meta property=\"og:image:width\" content=\"552\" \/>\n\t<meta property=\"og:image:height\" content=\"646\" \/>\n\t<meta property=\"og:image:type\" content=\"image\/jpeg\" \/>\n<meta name=\"twitter:card\" content=\"summary_large_image\" \/>\n<meta name=\"twitter:label1\" content=\"Procijenjeno vrijeme \u010ditanja\" \/>\n\t<meta name=\"twitter:data1\" content=\"1 minuta\" \/>\n<script type=\"application\/ld+json\" class=\"yoast-schema-graph\">{\"@context\":\"https:\/\/schema.org\",\"@graph\":[{\"@type\":\"WebPage\",\"@id\":\"https:\/\/buragrooming.hr\/index.php\/o-nama-2\/\",\"url\":\"https:\/\/buragrooming.hr\/index.php\/o-nama-2\/\",\"name\":\"O nama | Pul Bure \u2013 Salon za pse\",\"isPartOf\":{\"@id\":\"https:\/\/buragrooming.hr\/#website\"},\"datePublished\":\"2025-06-19T12:46:06+00:00\",\"dateModified\":\"2025-06-23T11:46:02+00:00\",\"breadcrumb\":{\"@id\":\"https:\/\/buragrooming.hr\/index.php\/o-nama-2\/#breadcrumb\"},\"inLanguage\":\"hr\",\"potentialAction\":[{\"@type\":\"ReadAction\",\"target\":[\"https:\/\/buragrooming.hr\/index.php\/o-nama-2\/\"]}]},{\"@type\":\"BreadcrumbList\",\"@id\":\"https:\/\/buragrooming.hr\/index.php\/o-nama-2\/#breadcrumb\",\"itemListElement\":[{\"@type\":\"ListItem\",\"position\":1,\"name\":\"Po\u010detna stranica\",\"item\":\"https:\/\/buragrooming.hr\/\"},{\"@type\":\"ListItem\",\"position\":2,\"name\":\"O nama\"}]},{\"@type\":\"WebSite\",\"@id\":\"https:\/\/buragrooming.hr\/#website\",\"url\":\"https:\/\/buragrooming.hr\/\",\"name\":\"PUL BURE\",\"description\":\"Salon za pse\",\"publisher\":{\"@id\":\"https:\/\/buragrooming.hr\/#organization\"},\"potentialAction\":[{\"@type\":\"SearchAction\",\"target\":{\"@type\":\"EntryPoint\",\"urlTemplate\":\"https:\/\/buragrooming.hr\/?s={search_term_string}\"},\"query-input\":{\"@type\":\"PropertyValueSpecification\",\"valueRequired\":true,\"valueName\":\"search_term_string\"}}],\"inLanguage\":\"hr\"},{\"@type\":\"Organization\",\"@id\":\"https:\/\/buragrooming.hr\/#organization\",\"name\":\"PUL BURE\",\"url\":\"https:\/\/buragrooming.hr\/\",\"logo\":{\"@type\":\"ImageObject\",\"inLanguage\":\"hr\",\"@id\":\"https:\/\/buragrooming.hr\/#\/schema\/logo\/image\/\",\"url\":\"https:\/\/buragrooming.hr\/wp-content\/uploads\/2025\/06\/cropped-logopng.png\",\"contentUrl\":\"https:\/\/buragrooming.hr\/wp-content\/uploads\/2025\/06\/cropped-logopng.png\",\"width\":226,\"height\":250,\"caption\":\"PUL BURE \"},\"image\":{\"@id\":\"https:\/\/buragrooming.hr\/#\/schema\/logo\/image\/\"}}]}<\/script>\n<!-- \/ Yoast SEO plugin. -->","yoast_head_json":{"title":"O nama | Pul Bure \u2013 Salon za pse","robots":{"index":"index","follow":"follow","max-snippet":"max-snippet:-1","max-image-preview":"max-image-preview:large","max-video-preview":"max-video-preview:-1"},"canonical":"https:\/\/buragrooming.hr\/index.php\/o-nama-2\/","og_locale":"hr_HR","og_type":"article","og_title":"O nama | Pul Bure \u2013 Salon za pse","og_description":"Pul Bure &#8211; \u0161to na \u010dakavskom zna\u010di &#8220;kod Bure&#8221; &#8211; poseban je kutak u Rijeci, na Krimeji, nastao iz ljubavi koja nikada ne prestaje. Ideja o salonu rodila se zbog gubitka moje voljene Bure. U njezinu \u010dast, po\u017eeljela sam stvoriti mjesto gdje \u0107e svaki pas biti okru\u017een pa\u017enjom, toplinom i nje\u017eno\u0161\u0107u &#8211; ba\u0161 onako kako &hellip; Nastavi \u010ditati \"O nama\"","og_url":"https:\/\/buragrooming.hr\/index.php\/o-nama-2\/","og_site_name":"PUL BURE","article_modified_time":"2025-06-23T11:46:02+00:00","og_image":[{"width":552,"height":646,"url":"https:\/\/buragrooming.hr\/wp-content\/uploads\/2025\/12\/pul-bur-logo.jpeg","type":"image\/jpeg"}],"twitter_card":"summary_large_image","twitter_misc":{"Procijenjeno vrijeme \u010ditanja":"1 minuta"},"schema":{"@context":"https:\/\/schema.org","@graph":[{"@type":"WebPage","@id":"https:\/\/buragrooming.hr\/index.php\/o-nama-2\/","url":"https:\/\/buragrooming.hr\/index.php\/o-nama-2\/","name":"O nama | Pul Bure \u2013 Salon za pse","isPartOf":{"@id":"https:\/\/buragrooming.hr\/#website"},"datePublished":"2025-06-19T12:46:06+00:00","dateModified":"2025-06-23T11:46:02+00:00","breadcrumb":{"@id":"https:\/\/buragrooming.hr\/index.php\/o-nama-2\/#breadcrumb"},"inLanguage":"hr","potentialAction":[{"@type":"ReadAction","target":["https:\/\/buragrooming.hr\/index.php\/o-nama-2\/"]}]},{"@type":"BreadcrumbList","@id":"https:\/\/buragrooming.hr\/index.php\/o-nama-2\/#breadcrumb","itemListElement":[{"@type":"ListItem","position":1,"name":"Po\u010detna stranica","item":"https:\/\/buragrooming.hr\/"},{"@type":"ListItem","position":2,"name":"O nama"}]},{"@type":"WebSite","@id":"https:\/\/buragrooming.hr\/#website","url":"https:\/\/buragrooming.hr\/","name":"PUL BURE","description":"Salon za pse","publisher":{"@id":"https:\/\/buragrooming.hr\/#organization"},"potentialAction":[{"@type":"SearchAction","target":{"@type":"EntryPoint","urlTemplate":"https:\/\/buragrooming.hr\/?s={search_term_string}"},"query-input":{"@type":"PropertyValueSpecification","valueRequired":true,"valueName":"search_term_string"}}],"inLanguage":"hr"},{"@type":"Organization","@id":"https:\/\/buragrooming.hr\/#organization","name":"PUL BURE","url":"https:\/\/buragrooming.hr\/","logo":{"@type":"ImageObject","inLanguage":"hr","@id":"https:\/\/buragrooming.hr\/#\/schema\/logo\/image\/","url":"https:\/\/buragrooming.hr\/wp-content\/uploads\/2025\/06\/cropped-logopng.png","contentUrl":"https:\/\/buragrooming.hr\/wp-content\/uploads\/2025\/06\/cropped-logopng.png","width":226,"height":250,"caption":"PUL BURE "},"image":{"@id":"https:\/\/buragrooming.hr\/#\/schema\/logo\/image\/"}}]}},"_links":{"self":[{"href":"https:\/\/buragrooming.hr\/index.php\/wp-json\/wp\/v2\/pages\/68","targetHints":{"allow":["GET"]}}],"collection":[{"href":"https:\/\/buragrooming.hr\/index.php\/wp-json\/wp\/v2\/pages"}],"about":[{"href":"https:\/\/buragrooming.hr\/index.php\/wp-json\/wp\/v2\/types\/page"}],"author":[{"embeddable":true,"href":"https:\/\/buragrooming.hr\/index.php\/wp-json\/wp\/v2\/users\/1"}],"replies":[{"embeddable":true,"href":"https:\/\/buragrooming.hr\/index.php\/wp-json\/wp\/v2\/comments?post=68"}],"version-history":[{"count":3,"href":"https:\/\/buragrooming.hr\/index.php\/wp-json\/wp\/v2\/pages\/68\/revisions"}],"predecessor-version":[{"id":85,"href":"https:\/\/buragrooming.hr\/index.php\/wp-json\/wp\/v2\/pages\/68\/revisions\/85"}],"wp:attachment":[{"href":"https:\/\/buragrooming.hr\/index.php\/wp-json\/wp\/v2\/media?parent=68"}],"curies":[{"name":"wp","href":"https:\/\/api.w.org\/{rel}","templated":true}]}}