{"id":75,"date":"2025-06-19T12:46:50","date_gmt":"2025-06-19T12:46:50","guid":{"rendered":"https:\/\/buragrooming.hr\/?page_id=75"},"modified":"2025-12-04T11:51:45","modified_gmt":"2025-12-04T11:51:45","slug":"cjenik-usluga","status":"publish","type":"page","link":"https:\/\/buragrooming.hr\/index.php\/cjenik-usluga\/","title":{"rendered":"Cjenik usluga"},"content":{"rendered":"\n<p>Preuzmite na\u0161 cjenik usluga klikom na dokument i prona\u0111ite najbolju opciju za svog ljubimca! <\/p>\n\n\n\n<div data-wp-interactive=\"core\/file\" class=\"wp-block-file\"><object data-wp-bind--hidden=\"!state.hasPdfPreview\" hidden class=\"wp-block-file__embed\" data=\"https:\/\/buragrooming.hr\/wp-content\/uploads\/2025\/07\/cjenikbura-copy.pdf\" type=\"application\/pdf\" style=\"width:100%;height:600px\" aria-label=\"Ugra\u0111eno cjenikbura copy.\"><\/object><a id=\"wp-block-file--media-cf5a8bdf-747c-44d6-bcb3-87fbefed901b\" href=\"https:\/\/buragrooming.hr\/wp-content\/uploads\/2025\/07\/cjenikbura-copy.pdf\">cjenikbura copy<\/a><a href=\"https:\/\/buragrooming.hr\/wp-content\/uploads\/2025\/07\/cjenikbura-copy.pdf\" class=\"wp-block-file__button wp-element-button\" download aria-describedby=\"wp-block-file--media-cf5a8bdf-747c-44d6-bcb3-87fbefed901b\">Preuzmi<\/a><\/div>\n","protected":false},"excerpt":{"rendered":"<p>Preuzmite na\u0161 cjenik usluga klikom na dokument i prona\u0111ite najbolju opciju za svog ljubimca!<\/p>\n","protected":false},"author":1,"featured_media":0,"parent":0,"menu_order":0,"comment_status":"closed","ping_status":"closed","template":"","meta":{"footnotes":""},"class_list":["post-75","page","type-page","status-publish","hentry"],"yoast_head":"<!-- This site is optimized with the Yoast SEO plugin v26.5 - https:\/\/yoast.com\/wordpress\/plugins\/seo\/ -->\n<title>Cjenik usluga | Salon za pse Rijeka \u2013 Pul Bure<\/title>\n<meta name=\"description\" content=\"Pogledajte cjenik grooming usluga za pse u Rijeci. \u0160i\u0161anje, kupanje, ure\u0111ivanje \u0161apa za sve pasmine. Profesionalan i nje\u017ean pristup.\" \/>\n<meta name=\"robots\" content=\"index, follow, max-snippet:-1, max-image-preview:large, max-video-preview:-1\" \/>\n<link rel=\"canonical\" href=\"https:\/\/buragrooming.hr\/index.php\/cjenik-usluga\/\" \/>\n<meta property=\"og:locale\" content=\"hr_HR\" \/>\n<meta property=\"og:type\" content=\"article\" \/>\n<meta property=\"og:title\" content=\"Cjenik usluga | Salon za pse Rijeka \u2013 Pul Bure\" \/>\n<meta property=\"og:description\" content=\"Pogledajte cjenik grooming usluga za pse u Rijeci. \u0160i\u0161anje, kupanje, ure\u0111ivanje \u0161apa za sve pasmine. Profesionalan i nje\u017ean pristup.\" \/>\n<meta property=\"og:url\" content=\"https:\/\/buragrooming.hr\/index.php\/cjenik-usluga\/\" \/>\n<meta property=\"og:site_name\" content=\"PUL BURE\" \/>\n<meta property=\"article:modified_time\" content=\"2025-12-04T11:51:45+00:00\" \/>\n<meta property=\"og:image\" content=\"https:\/\/buragrooming.hr\/wp-content\/uploads\/2025\/12\/pul-bur-logo.jpeg\" \/>\n\t<meta property=\"og:image:width\" content=\"552\" \/>\n\t<meta property=\"og:image:height\" content=\"646\" \/>\n\t<meta property=\"og:image:type\" content=\"image\/jpeg\" \/>\n<meta name=\"twitter:card\" content=\"summary_large_image\" \/>\n<meta name=\"twitter:label1\" content=\"Procijenjeno vrijeme \u010ditanja\" \/>\n\t<meta name=\"twitter:data1\" content=\"1 minuta\" \/>\n<script type=\"application\/ld+json\" class=\"yoast-schema-graph\">{\"@context\":\"https:\/\/schema.org\",\"@graph\":[{\"@type\":\"WebPage\",\"@id\":\"https:\/\/buragrooming.hr\/index.php\/cjenik-usluga\/\",\"url\":\"https:\/\/buragrooming.hr\/index.php\/cjenik-usluga\/\",\"name\":\"Cjenik usluga | Salon za pse Rijeka \u2013 Pul Bure\",\"isPartOf\":{\"@id\":\"https:\/\/buragrooming.hr\/#website\"},\"datePublished\":\"2025-06-19T12:46:50+00:00\",\"dateModified\":\"2025-12-04T11:51:45+00:00\",\"description\":\"Pogledajte cjenik grooming usluga za pse u Rijeci. \u0160i\u0161anje, kupanje, ure\u0111ivanje \u0161apa za sve pasmine. Profesionalan i nje\u017ean pristup.\",\"breadcrumb\":{\"@id\":\"https:\/\/buragrooming.hr\/index.php\/cjenik-usluga\/#breadcrumb\"},\"inLanguage\":\"hr\",\"potentialAction\":[{\"@type\":\"ReadAction\",\"target\":[\"https:\/\/buragrooming.hr\/index.php\/cjenik-usluga\/\"]}]},{\"@type\":\"BreadcrumbList\",\"@id\":\"https:\/\/buragrooming.hr\/index.php\/cjenik-usluga\/#breadcrumb\",\"itemListElement\":[{\"@type\":\"ListItem\",\"position\":1,\"name\":\"Po\u010detna stranica\",\"item\":\"https:\/\/buragrooming.hr\/\"},{\"@type\":\"ListItem\",\"position\":2,\"name\":\"Cjenik usluga\"}]},{\"@type\":\"WebSite\",\"@id\":\"https:\/\/buragrooming.hr\/#website\",\"url\":\"https:\/\/buragrooming.hr\/\",\"name\":\"PUL BURE\",\"description\":\"Salon za pse\",\"publisher\":{\"@id\":\"https:\/\/buragrooming.hr\/#organization\"},\"potentialAction\":[{\"@type\":\"SearchAction\",\"target\":{\"@type\":\"EntryPoint\",\"urlTemplate\":\"https:\/\/buragrooming.hr\/?s={search_term_string}\"},\"query-input\":{\"@type\":\"PropertyValueSpecification\",\"valueRequired\":true,\"valueName\":\"search_term_string\"}}],\"inLanguage\":\"hr\"},{\"@type\":\"Organization\",\"@id\":\"https:\/\/buragrooming.hr\/#organization\",\"name\":\"PUL BURE\",\"url\":\"https:\/\/buragrooming.hr\/\",\"logo\":{\"@type\":\"ImageObject\",\"inLanguage\":\"hr\",\"@id\":\"https:\/\/buragrooming.hr\/#\/schema\/logo\/image\/\",\"url\":\"https:\/\/buragrooming.hr\/wp-content\/uploads\/2025\/06\/cropped-logopng.png\",\"contentUrl\":\"https:\/\/buragrooming.hr\/wp-content\/uploads\/2025\/06\/cropped-logopng.png\",\"width\":226,\"height\":250,\"caption\":\"PUL BURE \"},\"image\":{\"@id\":\"https:\/\/buragrooming.hr\/#\/schema\/logo\/image\/\"}}]}<\/script>\n<!-- \/ Yoast SEO plugin. -->","yoast_head_json":{"title":"Cjenik usluga | Salon za pse Rijeka \u2013 Pul Bure","description":"Pogledajte cjenik grooming usluga za pse u Rijeci. \u0160i\u0161anje, kupanje, ure\u0111ivanje \u0161apa za sve pasmine. Profesionalan i nje\u017ean pristup.","robots":{"index":"index","follow":"follow","max-snippet":"max-snippet:-1","max-image-preview":"max-image-preview:large","max-video-preview":"max-video-preview:-1"},"canonical":"https:\/\/buragrooming.hr\/index.php\/cjenik-usluga\/","og_locale":"hr_HR","og_type":"article","og_title":"Cjenik usluga | Salon za pse Rijeka \u2013 Pul Bure","og_description":"Pogledajte cjenik grooming usluga za pse u Rijeci. \u0160i\u0161anje, kupanje, ure\u0111ivanje \u0161apa za sve pasmine. Profesionalan i nje\u017ean pristup.","og_url":"https:\/\/buragrooming.hr\/index.php\/cjenik-usluga\/","og_site_name":"PUL BURE","article_modified_time":"2025-12-04T11:51:45+00:00","og_image":[{"width":552,"height":646,"url":"https:\/\/buragrooming.hr\/wp-content\/uploads\/2025\/12\/pul-bur-logo.jpeg","type":"image\/jpeg"}],"twitter_card":"summary_large_image","twitter_misc":{"Procijenjeno vrijeme \u010ditanja":"1 minuta"},"schema":{"@context":"https:\/\/schema.org","@graph":[{"@type":"WebPage","@id":"https:\/\/buragrooming.hr\/index.php\/cjenik-usluga\/","url":"https:\/\/buragrooming.hr\/index.php\/cjenik-usluga\/","name":"Cjenik usluga | Salon za pse Rijeka \u2013 Pul Bure","isPartOf":{"@id":"https:\/\/buragrooming.hr\/#website"},"datePublished":"2025-06-19T12:46:50+00:00","dateModified":"2025-12-04T11:51:45+00:00","description":"Pogledajte cjenik grooming usluga za pse u Rijeci. \u0160i\u0161anje, kupanje, ure\u0111ivanje \u0161apa za sve pasmine. Profesionalan i nje\u017ean pristup.","breadcrumb":{"@id":"https:\/\/buragrooming.hr\/index.php\/cjenik-usluga\/#breadcrumb"},"inLanguage":"hr","potentialAction":[{"@type":"ReadAction","target":["https:\/\/buragrooming.hr\/index.php\/cjenik-usluga\/"]}]},{"@type":"BreadcrumbList","@id":"https:\/\/buragrooming.hr\/index.php\/cjenik-usluga\/#breadcrumb","itemListElement":[{"@type":"ListItem","position":1,"name":"Po\u010detna stranica","item":"https:\/\/buragrooming.hr\/"},{"@type":"ListItem","position":2,"name":"Cjenik usluga"}]},{"@type":"WebSite","@id":"https:\/\/buragrooming.hr\/#website","url":"https:\/\/buragrooming.hr\/","name":"PUL BURE","description":"Salon za pse","publisher":{"@id":"https:\/\/buragrooming.hr\/#organization"},"potentialAction":[{"@type":"SearchAction","target":{"@type":"EntryPoint","urlTemplate":"https:\/\/buragrooming.hr\/?s={search_term_string}"},"query-input":{"@type":"PropertyValueSpecification","valueRequired":true,"valueName":"search_term_string"}}],"inLanguage":"hr"},{"@type":"Organization","@id":"https:\/\/buragrooming.hr\/#organization","name":"PUL BURE","url":"https:\/\/buragrooming.hr\/","logo":{"@type":"ImageObject","inLanguage":"hr","@id":"https:\/\/buragrooming.hr\/#\/schema\/logo\/image\/","url":"https:\/\/buragrooming.hr\/wp-content\/uploads\/2025\/06\/cropped-logopng.png","contentUrl":"https:\/\/buragrooming.hr\/wp-content\/uploads\/2025\/06\/cropped-logopng.png","width":226,"height":250,"caption":"PUL BURE "},"image":{"@id":"https:\/\/buragrooming.hr\/#\/schema\/logo\/image\/"}}]}},"_links":{"self":[{"href":"https:\/\/buragrooming.hr\/index.php\/wp-json\/wp\/v2\/pages\/75","targetHints":{"allow":["GET"]}}],"collection":[{"href":"https:\/\/buragrooming.hr\/index.php\/wp-json\/wp\/v2\/pages"}],"about":[{"href":"https:\/\/buragrooming.hr\/index.php\/wp-json\/wp\/v2\/types\/page"}],"author":[{"embeddable":true,"href":"https:\/\/buragrooming.hr\/index.php\/wp-json\/wp\/v2\/users\/1"}],"replies":[{"embeddable":true,"href":"https:\/\/buragrooming.hr\/index.php\/wp-json\/wp\/v2\/comments?post=75"}],"version-history":[{"count":8,"href":"https:\/\/buragrooming.hr\/index.php\/wp-json\/wp\/v2\/pages\/75\/revisions"}],"predecessor-version":[{"id":158,"href":"https:\/\/buragrooming.hr\/index.php\/wp-json\/wp\/v2\/pages\/75\/revisions\/158"}],"wp:attachment":[{"href":"https:\/\/buragrooming.hr\/index.php\/wp-json\/wp\/v2\/media?parent=75"}],"curies":[{"name":"wp","href":"https:\/\/api.w.org\/{rel}","templated":true}]}}